{"id":90,"date":"2023-02-13T15:43:28","date_gmt":"2023-02-13T15:43:28","guid":{"rendered":"https:\/\/ptskoskela.fi\/?page_id=90"},"modified":"2023-12-26T13:45:48","modified_gmt":"2023-12-26T11:45:48","slug":"aiemmat-projektit","status":"publish","type":"page","link":"https:\/\/ptskoskela.fi\/index.php\/etusivu\/aiemmat-projektit\/","title":{"rendered":"Aiemmat projektit"},"content":{"rendered":"\n<p>Olen suunnitellut paloturvallisuuskohteita jo yli 10 vuoden ajan, alta l\u00f6yd\u00e4t osan laatimistani suunnitelmista. Teen paloturvallisuussuunnittelua Lapissa ja muualla Pohjois-Suomessa.<\/p>\n\n\n\n<div class=\"wp-block-media-text has-media-on-the-right is-stacked-on-mobile is-vertically-aligned-center\" style=\"grid-template-columns:auto 40%\"><div class=\"wp-block-media-text__content\">\n<div style=\"height:20px\" aria-hidden=\"true\" class=\"wp-block-spacer\"><\/div>\n\n\n\n<p><strong>Palotekniset suunnitelmat<\/strong><\/p>\n\n\n\n<ul class=\"wp-block-list\">\n<li>K\u00e4pymets\u00e4n p\u00e4iv\u00e4koti, peruskorjaus<\/li>\n\n\n\n<li>Lapin Metallikierr\u00e4tys Oy, pienteollisuushalli<\/li>\n\n\n\n<li>Pantsarin Saha Oy<\/li>\n\n\n\n<li>Pello Puu Oy, laajennus<\/li>\n\n\n\n<li>Pellon kunta, Ponnen urheilutalo<\/li>\n\n\n\n<li>Pelloplast Oy, tuotantotilojen laajennus<\/li>\n\n\n\n<li>Pohjolan Osuuspankki Rovaniemi, vanhan osan peruskorjaus<\/li>\n\n\n\n<li>Potma Oy<\/li>\n\n\n\n<li>RPJ Rovaniemi, teollisuus- ja varastorakennus<\/li>\n\n\n\n<li>Saamelaisalueen koulutuskeskus, peruskunnostus<\/li>\n\n\n\n<li>Kauppakeskus Kuukkeli, Saariselk\u00e4<\/li>\n\n\n\n<li>Kuukkeli v\u00e4ist\u00f6tilat Siula -kiinteist\u00f6ss\u00e4<\/li>\n<\/ul>\n\n\n\n<p><strong>ATEX-r\u00e4j\u00e4hdyssuojausasiakirjat<\/strong><\/p>\n\n\n\n<ul class=\"wp-block-list\">\n<li>Pantsarin Saha Oy<\/li>\n\n\n\n<li>Potma Oy<\/li>\n\n\n\n<li>Pellon Puu Oy, laajennus<\/li>\n<\/ul>\n\n\n\n<p><strong>Muut projektit<\/strong><\/p>\n\n\n\n<ul class=\"wp-block-list\">\n<li>Polarica Sotkamo, sammutusj\u00e4tevesien hallintasuunnitelma<\/li>\n<\/ul>\n<\/div><figure class=\"wp-block-media-text__media\"><img loading=\"lazy\" decoding=\"async\" width=\"463\" height=\"386\" src=\"https:\/\/ptskoskela.fi\/wp-content\/uploads\/2023\/02\/suunnitelmaa.png\" alt=\"\" class=\"wp-image-100 size-full\" srcset=\"https:\/\/ptskoskela.fi\/wp-content\/uploads\/2023\/02\/suunnitelmaa.png 463w, https:\/\/ptskoskela.fi\/wp-content\/uploads\/2023\/02\/suunnitelmaa-300x250.png 300w\" sizes=\"auto, (max-width: 463px) 100vw, 463px\" \/><\/figure><\/div>\n\n\n<nav class=\"has-text-color has-nv-site-bg-color has-background has-neve-link-hover-color-background-color has-medium-font-size items-justified-center wp-block-navigation is-horizontal is-content-justification-center is-layout-flex wp-container-core-navigation-is-layout-499968f5 wp-block-navigation-is-layout-flex\" aria-label=\"Projektien\"><ul class=\"wp-block-navigation__container has-text-color has-nv-site-bg-color has-background has-neve-link-hover-color-background-color has-medium-font-size items-justified-center wp-block-navigation has-medium-font-size\"><li class=\"has-medium-font-size wp-block-navigation-item wp-block-navigation-link\"><a class=\"wp-block-navigation-item__content\"  href=\"https:\/\/ptskoskela.fi\/\"><span class=\"wp-block-navigation-item__label\">Etusivu<\/span><\/a><\/li><li class=\"has-medium-font-size wp-block-navigation-item wp-block-navigation-link\"><a class=\"wp-block-navigation-item__content\"  href=\"https:\/\/ptskoskela.fi\/index.php\/etusivu\/contact\/\"><span class=\"wp-block-navigation-item__label\">Ota yhteytt\u00e4<\/span><\/a><\/li><\/ul><\/nav>\n\n\n<div style=\"height:100px\" aria-hidden=\"true\" class=\"wp-block-spacer\"><\/div>\n","protected":false},"excerpt":{"rendered":"<p>Olen suunnitellut paloturvallisuuskohteita jo yli 10 vuoden ajan, alta l\u00f6yd\u00e4t osan laatimistani suunnitelmista. Teen paloturvallisuussuunnittelua Lapissa ja muualla Pohjois-Suomessa.<\/p>\n","protected":false},"author":1,"featured_media":0,"parent":28,"menu_order":1,"comment_status":"closed","ping_status":"closed","template":"","meta":{"neve_meta_sidebar":"","neve_meta_container":"","neve_meta_enable_content_width":"","neve_meta_content_width":0,"neve_meta_title_alignment":"","neve_meta_author_avatar":"","neve_post_elements_order":"","neve_meta_disable_header":"","neve_meta_disable_footer":"","neve_meta_disable_title":"","footnotes":""},"class_list":["post-90","page","type-page","status-publish","hentry"],"_links":{"self":[{"href":"https:\/\/ptskoskela.fi\/index.php\/wp-json\/wp\/v2\/pages\/90","targetHints":{"allow":["GET"]}}],"collection":[{"href":"https:\/\/ptskoskela.fi\/index.php\/wp-json\/wp\/v2\/pages"}],"about":[{"href":"https:\/\/ptskoskela.fi\/index.php\/wp-json\/wp\/v2\/types\/page"}],"author":[{"embeddable":true,"href":"https:\/\/ptskoskela.fi\/index.php\/wp-json\/wp\/v2\/users\/1"}],"replies":[{"embeddable":true,"href":"https:\/\/ptskoskela.fi\/index.php\/wp-json\/wp\/v2\/comments?post=90"}],"version-history":[{"count":9,"href":"https:\/\/ptskoskela.fi\/index.php\/wp-json\/wp\/v2\/pages\/90\/revisions"}],"predecessor-version":[{"id":208,"href":"https:\/\/ptskoskela.fi\/index.php\/wp-json\/wp\/v2\/pages\/90\/revisions\/208"}],"up":[{"embeddable":true,"href":"https:\/\/ptskoskela.fi\/index.php\/wp-json\/wp\/v2\/pages\/28"}],"wp:attachment":[{"href":"https:\/\/ptskoskela.fi\/index.php\/wp-json\/wp\/v2\/media?parent=90"}],"curies":[{"name":"wp","href":"https:\/\/api.w.org\/{rel}","templated":true}]}}